{"id":541,"date":"2026-04-09T14:05:02","date_gmt":"2026-04-09T14:05:02","guid":{"rendered":"https:\/\/cruise-in.nl\/?page_id=541"},"modified":"2026-04-09T14:15:01","modified_gmt":"2026-04-09T14:15:01","slug":"gedragsregels-en-voorwaarden","status":"publish","type":"page","link":"https:\/\/cruise-in.nl\/index.php\/gedragsregels-en-voorwaarden\/","title":{"rendered":"Gedragsregels en voorwaarden"},"content":{"rendered":"<div class=\"wpb-content-wrapper\"><p>[vc_row][vc_column][vc_single_image image=&#8221;234&#8243; img_size=&#8221;full&#8221; alignment=&#8221;center&#8221; css=&#8221;&#8221;][vc_column_text css=&#8221;&#8221;]<\/p>\n<h3 style=\"text-align: center;\">Toelatingseisen<\/h3>\n<p>[\/vc_column_text][vc_column_text css=&#8221;&#8221;]<strong>Voor wie is de Cruise-In Summer Series bedoeld:<\/strong><br \/>\nAlle Oldtimers tot 31dec 1987 ongeacht afkomst of merk of type.<br \/>\nUSA voertuigen (Geen bouwjaar beperking).<br \/>\nExoten: denk aan speciale kitcars, Ferrari, Lamborghini en dergelijke voertuigen hier is ook geen leeftijdsbeperking voor het voertuig.<br \/>\nBrommers (alle merken en bouwjaren).<br \/>\nMotoren (alle merken en bouwjaren).<br \/>\nTevens zijn mensen met RC wagens welkom tijdens de Cruise-In Summer Series.<\/p>\n<p><strong>F\u00fcr wen ist die Cruise-In Summer Series gedacht?<\/strong><\/p>\n<p>Alle Oldtimer bis 31. Dezember 1987, unabh\u00e4ngig von Herkunft, Marke oder Typ.<br \/>\nUS-amerikanische Fahrzeuge (keine Baujahrbeschr\u00e4nkung).<br \/>\nExoten: Denken Sie an spezielle Kit-Cars, Ferrari, Lamborghini und \u00e4hnliche Fahrzeuge; auch hier gibt es keine Altersbeschr\u00e4nkung.<br \/>\nMopeds (alle Marken und Baujahre).<br \/>\nMotorr\u00e4der (alle Marken und Baujahre).<br \/>\nAuch Besitzer von RC-Cars sind bei der Cruise-In Summer Series herzlich willkommen.[\/vc_column_text][vc_column_text css=&#8221;&#8221;]<\/p>\n<h3 style=\"text-align: center;\">Gedragsregels<\/h3>\n<p>[\/vc_column_text][vc_column_text css=&#8221;&#8221;]<strong>Onze gedrags regels! Unsere Regeln:<\/strong><br \/>\n1. Geen Burn-outs op het terrein &#8211; Keine Burn-Outs auf das gelande<br \/>\n2. Maximum snelheid 5km (Stapvoets) &#8211; H\u00f6chstgeschwindigkeit 5kmh (Schritt)<br \/>\n3. Volg tijdens het parkeren de aanwijzingen van de Crew! &#8211; Folgen sie Beim parken die Anweisungen der<br \/>\nCrew!<br \/>\n4. Honden aan de lijn AUB, mocht u viervoeter iets achterlaten ruim dit dan even op!! &#8211; Hunden an der Leine,<br \/>\nSollte ihr hund was hinterlassen, Dann bitte aufr\u00e4umen!!<br \/>\n5. Afval AUB in de bakken doen, laat het niet op de grond liggen. &#8211; M\u00fcll bitte in die m\u00fclleimer deponieren,<br \/>\nlass es nicht auf der bodem liegen.<br \/>\n6. De Organisatie behoud zich het recht een ieder die zich niet naar behoren gedraagt van het terrein te<br \/>\nverwijderen. &#8211; Der Organisation hat das recht ein jeden der sich asozial benimt von das gelande zu<br \/>\nentfernen.<br \/>\n7. De organisatie kan niet aansprakelijk worden gesteld voor ongevallen, letsel, diefstal, schade of<br \/>\nvandalisme! &#8211; Der Organisation kan nicht haftbar gemacht werden f\u00fcr Unf\u00e4lle, Verletzungen, Diebstahl,<br \/>\nsachbesch\u00e4digungen oder Vandalismus!<br \/>\n8. Wij hechten waarde aan een vriendelijke toon, tolerantie en Respect voor andere meningen. &#8211; Wir legen<br \/>\nWert auf einen freundlichen Ton, Toleranz und den Respekt vor anderen Meinungen.<br \/>\n9. Lekt u voertuig Olie of andere vloeistoffen meld het dan bij ons, wij voorzien u dan tapijt voor onder uw<br \/>\nVoertuig &#8211; leckt Ihr Fahrzeug \u00d6l oder andere Fl\u00fcssigkeiten melden Sie es uns bitte, wir stellen Ihnen gerne<br \/>\nTapete zur Verf\u00fcgung f\u00fcr unter das Fahrzeug! Wird es nicht gemeldet dann m\u00fcssen wir die Reinigung<br \/>\nGeb\u00fchren bei ihnen in Rechnung bringen!<br \/>\nEen ieder dient zich aan de regels te houden!! &#8211; Ein jedem mus zich An deizen regel halten!!<br \/>\nTeam Cruise-In[\/vc_column_text][\/vc_column][\/vc_row][vc_row][vc_column][\/vc_column][\/vc_row]<\/p>\n<\/div>","protected":false},"excerpt":{"rendered":"<p>[vc_row][vc_column][vc_single_image image=&#8221;234&#8243; img_size=&#8221;full&#8221; alignment=&#8221;center&#8221; css=&#8221;&#8221;][vc_column_text css=&#8221;&#8221;] Toelatingseisen [\/vc_column_text][vc_column_text css=&#8221;&#8221;]Voor wie is de Cruise-In Summer Series bedoeld: Alle Oldtimers tot 31dec 1987 ongeacht afkomst of merk of type. USA voertuigen (Geen bouwjaar beperking). Exoten: denk aan speciale kitcars, Ferrari, Lamborghini en dergelijke voertuigen hier is ook geen leeftijdsbeperking voor het voertuig. Brommers (alle merken en bouwjaren)&#8230;.<\/p>\n","protected":false},"author":1,"featured_media":0,"parent":0,"menu_order":0,"comment_status":"closed","ping_status":"closed","template":"","meta":{"footnotes":""},"class_list":["post-541","page","type-page","status-publish","hentry"],"_links":{"self":[{"href":"https:\/\/cruise-in.nl\/index.php\/wp-json\/wp\/v2\/pages\/541","targetHints":{"allow":["GET"]}}],"collection":[{"href":"https:\/\/cruise-in.nl\/index.php\/wp-json\/wp\/v2\/pages"}],"about":[{"href":"https:\/\/cruise-in.nl\/index.php\/wp-json\/wp\/v2\/types\/page"}],"author":[{"embeddable":true,"href":"https:\/\/cruise-in.nl\/index.php\/wp-json\/wp\/v2\/users\/1"}],"replies":[{"embeddable":true,"href":"https:\/\/cruise-in.nl\/index.php\/wp-json\/wp\/v2\/comments?post=541"}],"version-history":[{"count":6,"href":"https:\/\/cruise-in.nl\/index.php\/wp-json\/wp\/v2\/pages\/541\/revisions"}],"predecessor-version":[{"id":547,"href":"https:\/\/cruise-in.nl\/index.php\/wp-json\/wp\/v2\/pages\/541\/revisions\/547"}],"wp:attachment":[{"href":"https:\/\/cruise-in.nl\/index.php\/wp-json\/wp\/v2\/media?parent=541"}],"curies":[{"name":"wp","href":"https:\/\/api.w.org\/{rel}","templated":true}]}}